{"id":31,"date":"2024-10-15T12:05:57","date_gmt":"2024-10-15T12:05:57","guid":{"rendered":"https:\/\/dehesilladelcura.com\/?page_id=31"},"modified":"2024-10-15T14:31:08","modified_gmt":"2024-10-15T14:31:08","slug":"sobre-nosotros","status":"publish","type":"page","link":"https:\/\/dehesilladelcura.com\/?page_id=31","title":{"rendered":"Sobre Nosotros"},"content":{"rendered":"\t\t<div data-elementor-type=\"wp-page\" data-elementor-id=\"31\" class=\"elementor elementor-31\">\n\t\t\t\t\t\t<section class=\"elementor-section elementor-top-section elementor-element elementor-element-7f5a23c80 elementor-section-boxed elementor-section-height-default elementor-section-height-default wpr-particle-no wpr-jarallax-no wpr-parallax-no wpr-sticky-section-no\" data-id=\"7f5a23c80\" data-element_type=\"section\" data-settings=\"{&quot;background_background&quot;:&quot;classic&quot;}\">\n\t\t\t\t\t\t\t<div class=\"elementor-background-overlay\"><\/div>\n\t\t\t\t\t\t\t<div class=\"elementor-container elementor-column-gap-default\">\n\t\t\t\t\t<div class=\"elementor-column elementor-col-100 elementor-top-column elementor-element elementor-element-38ade4a5\" data-id=\"38ade4a5\" data-element_type=\"column\">\n\t\t\t<div class=\"elementor-widget-wrap elementor-element-populated\">\n\t\t\t\t\t\t<div class=\"elementor-element elementor-element-26559974 elementor-widget elementor-widget-heading\" data-id=\"26559974\" data-element_type=\"widget\" data-widget_type=\"heading.default\">\n\t\t\t\t<div class=\"elementor-widget-container\">\n\t\t\t<h2 class=\"elementor-heading-title elementor-size-default\">Nuestra historia<\/h2>\t\t<\/div>\n\t\t\t\t<\/div>\n\t\t\t\t\t<\/div>\n\t\t<\/div>\n\t\t\t\t\t<\/div>\n\t\t<\/section>\n\t\t\t\t<section class=\"elementor-section elementor-top-section elementor-element elementor-element-2f8f1e53 elementor-section-full_width elementor-section-height-min-height elementor-section-items-stretch elementor-section-height-default wpr-particle-no wpr-jarallax-no wpr-parallax-no wpr-sticky-section-no\" data-id=\"2f8f1e53\" data-element_type=\"section\">\n\t\t\t\t\t\t<div class=\"elementor-container elementor-column-gap-default\">\n\t\t\t\t\t<div class=\"elementor-column elementor-col-50 elementor-top-column elementor-element elementor-element-38677253\" data-id=\"38677253\" data-element_type=\"column\" data-settings=\"{&quot;background_background&quot;:&quot;classic&quot;}\">\n\t\t\t<div class=\"elementor-widget-wrap elementor-element-populated\">\n\t\t\t\t\t\t<div class=\"elementor-element elementor-element-4d51b66a elementor-widget elementor-widget-text-editor\" data-id=\"4d51b66a\" data-element_type=\"widget\" data-widget_type=\"text-editor.default\">\n\t\t\t\t<div class=\"elementor-widget-container\">\n\t\t\t\t\t\t\t<p>En Dehesilla del Cura, llevamos m\u00e1s de medio siglo dedicados a la ganader\u00eda y agricultura en el coraz\u00f3n de M\u00e9rida, Extremadura. Fundada por la familia Rodr\u00edguez en 1969, nuestra finca se ha convertido en un referente en la producci\u00f3n de ganado vacuno de alta calidad y en la gesti\u00f3n de tierras agr\u00edcolas f\u00e9rtiles y productivas.<\/p><p>A lo largo de los a\u00f1os, hemos apostado por combinar la tradici\u00f3n y la innovaci\u00f3n, asegur\u00e1ndonos de que nuestros procesos sean sostenibles y respetuosos con el medio ambiente. Hoy en d\u00eda, seguimos siendo una empresa familiar, comprometida con la excelencia, la integridad y la conservaci\u00f3n de nuestro entorno natural.<\/p>\t\t\t\t\t\t<\/div>\n\t\t\t\t<\/div>\n\t\t\t\t\t<\/div>\n\t\t<\/div>\n\t\t\t\t<div class=\"elementor-column elementor-col-50 elementor-top-column elementor-element elementor-element-46ef2335\" data-id=\"46ef2335\" data-element_type=\"column\" data-settings=\"{&quot;background_background&quot;:&quot;classic&quot;}\">\n\t\t\t<div class=\"elementor-widget-wrap\">\n\t\t\t\t\t\t\t<\/div>\n\t\t<\/div>\n\t\t\t\t\t<\/div>\n\t\t<\/section>\n\t\t\t\t<section class=\"elementor-section elementor-top-section elementor-element elementor-element-07070c3 elementor-section-full_width elementor-section-height-min-height elementor-section-items-stretch elementor-section-height-default wpr-particle-no wpr-jarallax-no wpr-parallax-no wpr-sticky-section-no\" data-id=\"07070c3\" data-element_type=\"section\">\n\t\t\t\t\t\t<div class=\"elementor-container elementor-column-gap-default\">\n\t\t\t\t\t<div class=\"elementor-column elementor-col-50 elementor-top-column elementor-element elementor-element-a348a55\" data-id=\"a348a55\" data-element_type=\"column\" data-settings=\"{&quot;background_background&quot;:&quot;classic&quot;}\">\n\t\t\t<div class=\"elementor-widget-wrap\">\n\t\t\t\t\t\t\t<\/div>\n\t\t<\/div>\n\t\t\t\t<div class=\"elementor-column elementor-col-50 elementor-top-column elementor-element elementor-element-279fb89\" data-id=\"279fb89\" data-element_type=\"column\" data-settings=\"{&quot;background_background&quot;:&quot;classic&quot;}\">\n\t\t\t<div class=\"elementor-widget-wrap elementor-element-populated\">\n\t\t\t\t\t\t<div class=\"elementor-element elementor-element-c869dad elementor-widget elementor-widget-text-editor\" data-id=\"c869dad\" data-element_type=\"widget\" data-widget_type=\"text-editor.default\">\n\t\t\t\t<div class=\"elementor-widget-container\">\n\t\t\t\t\t\t\t<p>Nuestro objetivo es ofrecer a nuestros clientes los mejores productos del campo, ya sea a trav\u00e9s de la venta de nuestros terneros o de las tierras que ponemos a su disposici\u00f3n. En Dehesilla del Cura, cada cliente es parte de nuestra historia y de nuestro compromiso con la tierra.<\/p><p>Nuestra misi\u00f3n es proporcionar ganado de alta calidad y tierras agr\u00edcolas productivas, manteniendo un enfoque en la sostenibilidad y el bienestar animal. Creemos en la gesti\u00f3n responsable de los recursos naturales, preservando la tierra para las futuras generaciones<\/p>\t\t\t\t\t\t<\/div>\n\t\t\t\t<\/div>\n\t\t\t\t\t<\/div>\n\t\t<\/div>\n\t\t\t\t\t<\/div>\n\t\t<\/section>\n\t\t\t\t<\/div>\n\t\t","protected":false},"excerpt":{"rendered":"<p>Nuestra historia En Dehesilla del Cura, llevamos m\u00e1s de medio siglo dedicados a la ganader\u00eda y agricultura en el coraz\u00f3n de M\u00e9rida, Extremadura. Fundada por la familia Rodr\u00edguez en 1969, nuestra finca se ha convertido en un referente en la producci\u00f3n de ganado vacuno de alta calidad y en la gesti\u00f3n de tierras agr\u00edcolas f\u00e9rtiles y productivas. A lo largo de los a\u00f1os, hemos apostado por combinar la tradici\u00f3n y la innovaci\u00f3n, asegur\u00e1ndonos de que nuestros procesos sean sostenibles y respetuosos con el medio ambiente. Hoy en d\u00eda, seguimos siendo una empresa familiar, comprometida con la excelencia, la integridad y la conservaci\u00f3n de nuestro entorno natural. Nuestro objetivo es ofrecer a nuestros clientes los mejores productos del campo, ya sea a trav\u00e9s de la venta de nuestros terneros o de las tierras que ponemos a su disposici\u00f3n. En Dehesilla del Cura, cada cliente es parte de nuestra historia y de nuestro compromiso con la tierra. Nuestra misi\u00f3n es proporcionar ganado de alta calidad y tierras agr\u00edcolas productivas, manteniendo un enfoque en la sostenibilidad y el bienestar animal. Creemos en la gesti\u00f3n responsable de los recursos naturales, preservando la tierra para las futuras generaciones<\/p>\n","protected":false},"author":1,"featured_media":0,"parent":0,"menu_order":0,"comment_status":"closed","ping_status":"closed","template":"","meta":{"site-sidebar-layout":"no-sidebar","site-content-layout":"","ast-site-content-layout":"full-width-container","site-content-style":"default","site-sidebar-style":"default","ast-global-header-display":"","ast-banner-title-visibility":"","ast-main-header-display":"","ast-hfb-above-header-display":"","ast-hfb-below-header-display":"","ast-hfb-mobile-header-display":"","site-post-title":"disabled","ast-breadcrumbs-content":"","ast-featured-img":"disabled","footer-sml-layout":"","theme-transparent-header-meta":"","adv-header-id-meta":"","stick-header-meta":"","header-above-stick-meta":"","header-main-stick-meta":"","header-below-stick-meta":"","astra-migrate-meta-layouts":"default","ast-page-background-enabled":"default","ast-page-background-meta":{"desktop":{"background-color":"var(--ast-global-color-4)","background-image":"","background-repeat":"repeat","background-position":"center center","background-size":"auto","background-attachment":"scroll","background-type":"","background-media":"","overlay-type":"","overlay-color":"","overlay-opacity":"","overlay-gradient":""},"tablet":{"background-color":"","background-image":"","background-repeat":"repeat","background-position":"center center","background-size":"auto","background-attachment":"scroll","background-type":"","background-media":"","overlay-type":"","overlay-color":"","overlay-opacity":"","overlay-gradient":""},"mobile":{"background-color":"","background-image":"","background-repeat":"repeat","background-position":"center center","background-size":"auto","background-attachment":"scroll","background-type":"","background-media":"","overlay-type":"","overlay-color":"","overlay-opacity":"","overlay-gradient":""}},"ast-content-background-meta":{"desktop":{"background-color":"var(--ast-global-color-5)","background-image":"","background-repeat":"repeat","background-position":"center center","background-size":"auto","background-attachment":"scroll","background-type":"","background-media":"","overlay-type":"","overlay-color":"","overlay-opacity":"","overlay-gradient":""},"tablet":{"background-color":"var(--ast-global-color-5)","background-image":"","background-repeat":"repeat","background-position":"center center","background-size":"auto","background-attachment":"scroll","background-type":"","background-media":"","overlay-type":"","overlay-color":"","overlay-opacity":"","overlay-gradient":""},"mobile":{"background-color":"var(--ast-global-color-5)","background-image":"","background-repeat":"repeat","background-position":"center center","background-size":"auto","background-attachment":"scroll","background-type":"","background-media":"","overlay-type":"","overlay-color":"","overlay-opacity":"","overlay-gradient":""}},"footnotes":""},"class_list":["post-31","page","type-page","status-publish","hentry"],"_links":{"self":[{"href":"https:\/\/dehesilladelcura.com\/index.php?rest_route=\/wp\/v2\/pages\/31","targetHints":{"allow":["GET"]}}],"collection":[{"href":"https:\/\/dehesilladelcura.com\/index.php?rest_route=\/wp\/v2\/pages"}],"about":[{"href":"https:\/\/dehesilladelcura.com\/index.php?rest_route=\/wp\/v2\/types\/page"}],"author":[{"embeddable":true,"href":"https:\/\/dehesilladelcura.com\/index.php?rest_route=\/wp\/v2\/users\/1"}],"replies":[{"embeddable":true,"href":"https:\/\/dehesilladelcura.com\/index.php?rest_route=%2Fwp%2Fv2%2Fcomments&post=31"}],"version-history":[{"count":16,"href":"https:\/\/dehesilladelcura.com\/index.php?rest_route=\/wp\/v2\/pages\/31\/revisions"}],"predecessor-version":[{"id":121,"href":"https:\/\/dehesilladelcura.com\/index.php?rest_route=\/wp\/v2\/pages\/31\/revisions\/121"}],"wp:attachment":[{"href":"https:\/\/dehesilladelcura.com\/index.php?rest_route=%2Fwp%2Fv2%2Fmedia&parent=31"}],"curies":[{"name":"wp","href":"https:\/\/api.w.org\/{rel}","templated":true}]}}